{"id":66,"date":"2022-02-08T09:07:59","date_gmt":"2022-02-08T09:07:59","guid":{"rendered":"https:\/\/berauto-pest.hu\/?page_id=66"},"modified":"2023-10-27T10:51:21","modified_gmt":"2023-10-27T10:51:21","slug":"miert-velunk","status":"publish","type":"page","link":"https:\/\/berauto-pest.hu\/?page_id=66","title":{"rendered":"Mi\u00e9rt vel\u00fcnk?"},"content":{"rendered":"<h2 class=\"western\"><span id=\"Miert_kolcsonozzon_autot_Budapesten_a_Rossorent_cegnel\" class=\"ez-toc-section\"><\/span>Mi\u00e9rt k\u00f6lcs\u00f6n\u00f6zz\u00f6n aut\u00f3t Budapesten a c\u00e9g\u00fcnkt\u0151l?<\/h2>\n<h4><span id=\"Ha_nalunk_berel_autot_a_kovetkezo_elonyoket_elvezheti\" class=\"ez-toc-section\"><\/span>Ha n\u00e1lunk b\u00e9rel aut\u00f3t, a k\u00f6vetkez\u0151 el\u0151ny\u00f6ket \u00e9lvezheti:<\/h4>\n<ol>\n<li>\n<h4><span id=\"Gyorsan_azonnal_berelheto_autokat_biztositunk_Mindig_torekszunk_arra_hogy_legyen_szabad_kolcsonozheto_autonk\" class=\"ez-toc-section\"><\/span>Gyorsan, azonnal b\u00e9relhet\u0151 aut\u00f3kat biztos\u00edtunk. Mindig t\u00f6reksz\u00fcnk arra, hogy legyen szabad, k\u00f6lcs\u00f6n\u00f6zhet\u0151 aut\u00f3nk!<\/h4>\n<\/li>\n<li>\n<h4><span id=\"Megbizhato_ceg_vagyunk_nem_arulunk_zsakbamacskat_A_kolcsonzesrol_termeszetesen_donthet_ugy_hogy_berautoinkat_szemelyesen_megtekinti_es_ha_valamiert_nem_tetszik_visszalephet_a_kolcsonzestol\" class=\"ez-toc-section\"><\/span>Megb\u00edzhat\u00f3 c\u00e9g vagyunk, nem \u00e1rulunk zs\u00e1kbamacsk\u00e1t. A k\u00f6lcs\u00f6nz\u00e9sr\u0151l term\u00e9szetesen d\u00f6nthet \u00fagy, hogy b\u00e9raut\u00f3inkat szem\u00e9lyesen megtekinti, \u00e9s ha valami\u00e9rt nem tetszik, visszal\u00e9phet a k\u00f6lcs\u00f6nz\u00e9st\u0151l.<\/h4>\n<\/li>\n<li>\n<h4><span id=\"Biztonsagos_berautok_Autoinkat_folyamatosan_karban_tartjuk_es_muszakilag_atvizsgaljuk_hogy_On_biztonsagosan_utazhasson\" class=\"ez-toc-section\"><\/span>Biztons\u00e1gos b\u00e9raut\u00f3k. Aut\u00f3inkat folyamatosan karban tartjuk \u00e9s m\u0171szakilag \u00e1tvizsg\u00e1ljuk, hogy \u00d6n biztons\u00e1gosan utazhasson.<\/h4>\n<\/li>\n<li>\n<h4><span id=\"Kenyelmes_kocsik_Legnagyobb_igeny_az_5_szemelyes_autokra_van_de_keresere_biztositani_tudunk_6_vagy_7_szemelyes_autokat_is\" class=\"ez-toc-section\"><\/span>K\u00e9nyelmes kocsik. Legnagyobb ig\u00e9ny az 5 szem\u00e9lyes aut\u00f3kra van, de k\u00e9r\u00e9s\u00e9re biztos\u00edtani tudunk 6 vagy 7 szem\u00e9lyes aut\u00f3kat is.<\/h4>\n<\/li>\n<li>\n<h4><span id=\"Ha_igenyli_berautojat_Budapest_vonzaskorzeteben_elvisszuk_otthonaba_is\" class=\"ez-toc-section\"><\/span>Ha ig\u00e9nyli b\u00e9raut\u00f3j\u00e1t Budapest vonz\u00e1sk\u00f6rzet\u00e9ben elvissz\u00fck otthon\u00e1ba is.<\/h4>\n<\/li>\n<li>\n<h4><span id=\"Olcso_berauto_kolcsonzes_Jarmuveink_kozul_akar_mar_2500_Ft_afanap_aron_is_valaszthat\" class=\"ez-toc-section\"><\/span>Olcs\u00f3 b\u00e9raut\u00f3 k\u00f6lcs\u00f6nz\u00e9s. J\u00e1rm\u0171veink k\u00f6z\u00fcl ak\u00e1r m\u00e1r 6500 Ft + \u00e1fa\/nap \u00e1ron is v\u00e1laszthat.<\/h4>\n<\/li>\n<li>\n<h4><span id=\"Nincsenek_rejtett_koltsegek_Az_autot_tele_tankolva_kapja_es_igy_is_kell_visszahoznia_Ha_az_auto_hasznalat_kozben_koszos_lett_akkor_kerjuk_hogy_kitakaritva_hozza_vissza\" class=\"ez-toc-section\"><\/span>Nincsenek rejtett k\u00f6lts\u00e9gek. Az aut\u00f3t tele tankolva kapja \u00e9s \u00edgy is kell visszahoznia. Ha az aut\u00f3 haszn\u00e1lat k\u00f6zben koszos lett, akkor k\u00e9rj\u00fck, hogy kitakar\u00edtva hozza vissza.<\/h4>\n<\/li>\n<li>\n<h4><span id=\"Ha_igenyli_tudunk_eskuvore_is_autot_biztositani_soforrel_is\" class=\"ez-toc-section\"><\/span>Ha ig\u00e9nyli tudunk esk\u00fcv\u0151re is aut\u00f3t biztos\u00edtani sof\u0151rrel is!<\/h4>\n<\/li>\n<li>\n<h4><span id=\"Vallalunk_repteri_transzfert_is\" class=\"ez-toc-section\"><\/span>V\u00e1llalunk rept\u00e9ri transzfert is.<\/h4>\n<\/li>\n<\/ol>\n","protected":false},"excerpt":{"rendered":"<p>Mi\u00e9rt k\u00f6lcs\u00f6n\u00f6zz\u00f6n aut\u00f3t Budapesten a c\u00e9g\u00fcnkt\u0151l? Ha n\u00e1lunk b\u00e9rel aut\u00f3t, a k\u00f6vetkez\u0151 el\u0151ny\u00f6ket \u00e9lvezheti: Gyorsan, azonnal b\u00e9relhet\u0151 aut\u00f3kat biztos\u00edtunk. Mindig t\u00f6reksz\u00fcnk arra, hogy legyen szabad, k\u00f6lcs\u00f6n\u00f6zhet\u0151 aut\u00f3nk! Megb\u00edzhat\u00f3 c\u00e9g vagyunk, nem \u00e1rulunk zs\u00e1kbamacsk\u00e1t. A k\u00f6lcs\u00f6nz\u00e9sr\u0151l term\u00e9szetesen d\u00f6nthet \u00fagy, hogy b\u00e9raut\u00f3inkat szem\u00e9lyesen megtekinti, \u00e9s ha valami\u00e9rt nem tetszik, visszal\u00e9phet a k\u00f6lcs\u00f6nz\u00e9st\u0151l. Biztons\u00e1gos b\u00e9raut\u00f3k. Aut\u00f3inkat folyamatosan karban &hellip;<\/p>\n<p class=\"read-more\"> <a class=\"\" href=\"https:\/\/berauto-pest.hu\/?page_id=66\"> <span class=\"screen-reader-text\">Mi\u00e9rt vel\u00fcnk?<\/span> Read More &raquo;<\/a><\/p>\n","protected":false},"author":1,"featured_media":0,"parent":0,"menu_order":0,"comment_status":"closed","ping_status":"closed","template":"","meta":{"site-sidebar-layout":"default","site-content-layout":"default","ast-main-header-display":"","ast-hfb-above-header-display":"","ast-hfb-below-header-display":"","ast-hfb-mobile-header-display":"","site-post-title":"","ast-breadcrumbs-content":"","ast-featured-img":"","footer-sml-layout":"","theme-transparent-header-meta":"","adv-header-id-meta":"","stick-header-meta":"","header-above-stick-meta":"","header-main-stick-meta":"","header-below-stick-meta":"","footnotes":""},"class_list":["post-66","page","type-page","status-publish","hentry"],"_links":{"self":[{"href":"https:\/\/berauto-pest.hu\/index.php?rest_route=\/wp\/v2\/pages\/66","targetHints":{"allow":["GET"]}}],"collection":[{"href":"https:\/\/berauto-pest.hu\/index.php?rest_route=\/wp\/v2\/pages"}],"about":[{"href":"https:\/\/berauto-pest.hu\/index.php?rest_route=\/wp\/v2\/types\/page"}],"author":[{"embeddable":true,"href":"https:\/\/berauto-pest.hu\/index.php?rest_route=\/wp\/v2\/users\/1"}],"replies":[{"embeddable":true,"href":"https:\/\/berauto-pest.hu\/index.php?rest_route=%2Fwp%2Fv2%2Fcomments&post=66"}],"version-history":[{"count":8,"href":"https:\/\/berauto-pest.hu\/index.php?rest_route=\/wp\/v2\/pages\/66\/revisions"}],"predecessor-version":[{"id":356,"href":"https:\/\/berauto-pest.hu\/index.php?rest_route=\/wp\/v2\/pages\/66\/revisions\/356"}],"wp:attachment":[{"href":"https:\/\/berauto-pest.hu\/index.php?rest_route=%2Fwp%2Fv2%2Fmedia&parent=66"}],"curies":[{"name":"wp","href":"https:\/\/api.w.org\/{rel}","templated":true}]}}