{"id":69,"date":"2022-02-08T09:08:20","date_gmt":"2022-02-08T09:08:20","guid":{"rendered":"https:\/\/berauto-pest.hu\/?page_id=69"},"modified":"2023-10-27T09:47:07","modified_gmt":"2023-10-27T09:47:07","slug":"gyakori-kerdesek","status":"publish","type":"page","link":"https:\/\/berauto-pest.hu\/?page_id=69","title":{"rendered":"Gyakori k\u00e9rd\u00e9sek"},"content":{"rendered":"\n<h2 class=\"wp-block-heading\" id=\"hogyan-vehetem-at-a-berelt-autot\"><span class=\"ez-toc-section\" id=\"Hogyan_vehetem_at_a_berelt_autot\"><\/span>Hogyan vehetem \u00e1t a b\u00e9relt aut\u00f3t?<span class=\"ez-toc-section-end\"><\/span><\/h2>\n\n\n\n<p><span style=\"font-size: 14pt;\">Az <i>aut\u00f3b\u00e9rl\u00e9s menete<\/i> az al\u00e1bbiak szerint alakul:<\/span><\/p>\n\n\n\n<ol class=\"wp-block-list\">\n<li><span style=\"font-size: 14pt;\">Felh\u00edvja <a aria-label=\"\u00fcgyf\u00e9lszolg\u00e1lati sz\u00e1munkat (opens in a new tab)\" rel=\"noreferrer noopener\" class=\"rank-math-link\" href=\"https:\/\/autoberlesbudapest1.com\/kapcsolat\/\" target=\"_blank\">\u00fcgyf\u00e9lszolg\u00e1lati sz\u00e1munkat<\/a>: <strong>+36 70<\/strong> <strong>626 96 00 vagy +36 70 410 59 19 <\/strong> \u00e9s egyeztetett helyen megtekinti a kiv\u00e1lasztott j\u00e1rm\u0171vet.<\/span><\/li>\n\n\n\n<li><span style=\"font-size: 14pt;\">Bemutatja a pap\u00edrjait (jogos\u00edtv\u00e1ny, szem\u00e9lyi igazolv\u00e1ny stb.), 21 \u00e9ves kor alatt nem b\u00e9relhet\u0151 aut\u00f3.<\/span><\/li>\n\n\n\n<li><span style=\"font-size: 14pt;\">Egyedi meg\u00e1llapod\u00e1st\u00f3l f\u00fcgg\u0151en megfizeti a kauci\u00f3t, \u00e9s viheti az aut\u00f3t.<\/span><\/li>\n<\/ol>\n\n\n\n<p><span style=\"font-size: 14pt;\">Ilyen egyszer\u0171. Ha k\u00e9rd\u00e9se van, akkor k\u00e9rj\u00fck, olvassa el az al\u00e1bbi Gyakori k\u00e9rd\u00e9seket, mert lehet, hogy v\u00e1laszt kap azonnal, vagy b\u0151vebb t\u00e1j\u00e9koztat\u00e1s\u00e9rt h\u00edvhatja \u00fcgyf\u00e9lszolg\u00e1latunkat is a <strong>+36 70 626 96 00<\/strong> sz\u00e1mon!<\/span><\/p>\n\n\n\n<h2 class=\"wp-block-heading\" id=\"megeri-autot-berelni\"><span class=\"ez-toc-section\" id=\"Megeri_autot_berelni\"><\/span>Meg\u00e9ri aut\u00f3t b\u00e9relni?<span class=\"ez-toc-section-end\"><\/span><\/h2>\n\n\n\n<p><span style=\"font-size: 14pt;\">A korrekt t\u00e1j\u00e9koztat\u00e1s \u00e9rdek\u00e9ben azt kell mondanunk, hogy att\u00f3l f\u00fcgg. Az al\u00e1bbi esetekben j\u00f3l j\u00f6het a b\u00e9relt g\u00e9pkocsi:<\/span><\/p>\n\n\n\n<ul class=\"wp-block-list\">\n<li><span style=\"font-size: 14pt;\">Ha szervizben van j\u00e1rm\u0171ve, nincs kit\u0151l k\u00f6lcs\u00f6n k\u00e9rni, de s\u00fcrg\u0151sen sz\u00fcks\u00e9ge lenne aut\u00f3ra.<\/span><\/li>\n\n\n\n<li><span style=\"font-size: 14pt;\">Ha vid\u00e9kre utazik, de a csomagok vagy a k\u00e9nyelem miatt nem szeretne t\u00f6megk\u00f6zleked\u00e9ssel utazni.<\/span><\/li>\n\n\n\n<li><span style=\"font-size: 14pt;\">Ha \u00e1tmeneti id\u0151re nagyobb utast\u00e9rrel vagy csomagt\u00e9rrel rendelkez\u0151 aut\u00f3t szeretne b\u00e9relni.<\/span><\/li>\n<\/ul>\n\n\n\n<h2 class=\"wp-block-heading\" id=\"autoberles-gyakori-kerdesek\"><span class=\"ez-toc-section\" id=\"Autoberles_gyakori_kerdesek\"><\/span><span style=\"text-decoration: underline;\">Aut\u00f3b\u00e9rl\u00e9s gyakori k\u00e9rd\u00e9sek<\/span><span class=\"ez-toc-section-end\"><\/span><\/h2>\n\n\n<div id=\"rank-math-faq\" class=\"rank-math-block\">\n<div class=\"rank-math-list \">\n<div id=\"faq-question-1614704628605\" class=\"rank-math-list-item\">\n<h3 class=\"rank-math-question \"><span id=\"A_berelt_autot_ki_vezetheti\" class=\"ez-toc-section\"><\/span>A b\u00e9relt aut\u00f3t ki vezetheti?<\/h3>\n<div class=\"rank-math-answer \">\n<p>A b\u00e9relt aut\u00f3t csak az vezetheti, <strong>akinek a neve szerepel az aut\u00f3k\u00f6lcs\u00f6nz\u0151vel al\u00e1\u00edrt szerz\u0151d\u00e9sben<\/strong>.<\/p>\n<\/div>\n<\/div>\n<div id=\"faq-question-1614704680274\" class=\"rank-math-list-item\">\n<h3 class=\"rank-math-question \"><span id=\"A_berelt_autoval_okozott_karert_ki_a_felelos\" class=\"ez-toc-section\"><\/span>A b\u00e9relt aut\u00f3val okozott k\u00e1r\u00e9rt ki a felel\u0151s?<\/h3>\n<div class=\"rank-math-answer \">\n<p>A b\u00e9raut\u00f3t k\u00f6lcs\u00f6nvev\u0151 v\u00e1llalja, hogy a k\u00f6lcs\u00f6nz\u00f6tt j\u00e1rm\u0171vet rendeltet\u00e9sszer\u0171en haszn\u00e1lja. Hossz\u00fat\u00e1v\u00fa aut\u00f3b\u00e9rl\u00e9s eset\u00e9n gondoskodik az aut\u00f3 karbantart\u00e1s\u00e1r\u00f3l, vagy jelzik fel\u00e9nk az esetleges probl\u00e9m\u00e1kat (olaj, h\u0171t\u0151v\u00edz, gumiabroncs probl\u00e9m\u00e1kat). A biztos\u00edt\u00f3 \u00e1ltal nem megt\u00e9r\u00edtett k\u00e1rok\u00e9rt a <strong>k\u00f6lcs\u00f6nvev\u0151nek kell v\u00e1llalnia a felel\u0151ss\u00e9get<\/strong>, ilyen lehet p\u00e9ld\u00e1ul az ittas vagy jogos\u00edtv\u00e1ny n\u00e9lk\u00fcli vezet\u00e9s.<\/p>\n<\/div>\n<\/div>\n<div id=\"faq-question-1614704703897\" class=\"rank-math-list-item\">\n<h3 class=\"rank-math-question \"><span id=\"Berelt_auto_serulesert_ki_felel\" class=\"ez-toc-section\"><\/span>B\u00e9relt aut\u00f3 s\u00e9r\u00fcl\u00e9s\u00e9rt ki felel?<\/h3>\n<div class=\"rank-math-answer \">\n<p>Baleset eset\u00e9n mindent el kell k\u00f6vetni, hogy az eset a lehet\u0151 legpontosabb le\u00edr\u00e1ssal (esetleg f\u00e9nyk\u00e9pekkel, rajzokkal) szerepeljen a baleseti jegyz\u0151k\u00f6nyvben. A b\u00e9raut\u00f3ban elhelyezett biztos\u00edt\u00e1si \u0171rlapot ugyan\u00fagy ki kell t\u00f6lteni, mint a saj\u00e1t aut\u00f3 eset\u00e9ben. Ha a balesetben vagy koccan\u00e1sban a k\u00f6lcs\u00f6nvev\u0151 volt a v\u00e9tkes, akkor az <strong>okozott k\u00e1rt a v\u00e9tkes f\u00e9lnek kell \u00e1llnia<\/strong>. A s\u00e9r\u00fcl\u00e9st a lehet\u0151 leghamarabb meg kell jav\u00edttatni.<\/p>\n<\/div>\n<\/div>\n<div id=\"faq-question-1614704715673\" class=\"rank-math-list-item\">\n<h3 class=\"rank-math-question \"><span id=\"Mennyi_a_szemelygepkocsi_napi_berleti_dija\" class=\"ez-toc-section\"><\/span>Mennyi a szem\u00e9lyg\u00e9pkocsi napi b\u00e9rleti d\u00edja? Ak\u00e1r <strong>napi 6.500. Ft-t\u00f3l lehet aut\u00f3t b\u00e9relni<\/strong>.<\/h3>\n<\/div>\n<\/div>\n<div id=\"faq-question-1614704732170\" class=\"rank-math-list-item\">\n<h3 class=\"rank-math-question \"><span id=\"Autoberles_kiszallitassal_lehetseges\" class=\"ez-toc-section\"><\/span>Aut\u00f3b\u00e9rl\u00e9s kisz\u00e1ll\u00edt\u00e1ssal lehets\u00e9ges?<\/h3>\n<div class=\"rank-math-answer \">\n<p>Igen, n\u00e1lunk az <strong>aut\u00f3b\u00e9rl\u00e9s h\u00e1zhozsz\u00e1ll\u00edt\u00e1ssal is el\u00e9rhet\u0151<\/strong> szolg\u00e1ltat\u00e1s. K\u00e9rj\u00fck, egyeztessen vel\u00fcnk telefonon a felt\u00e9telekr\u0151l!<\/p>\n<\/div>\n<\/div>\n<div id=\"faq-question-1614704755209\" class=\"rank-math-list-item\">\n<h3 class=\"rank-math-question \"><span id=\"A_havi_autoberles_megoldhato\" class=\"ez-toc-section\"><\/span>A havi aut\u00f3b\u00e9rl\u00e9s megoldhat\u00f3?<\/h3>\n<div class=\"rank-math-answer \">\n<p>Igen, <strong>aut\u00f3t hossz\u00fa t\u00e1vra is b\u00e9relhet<\/strong> t\u0151l\u00fcnk. Ilyen esetben m\u00e9g kedvez\u0151bb \u00e1ron tudjuk k\u00edn\u00e1lni flott\u00e1nk j\u00e1rm\u0171veit.<\/p>\n<\/div>\n<\/div>\n<div id=\"faq-question-1614704768601\" class=\"rank-math-list-item\">\n<h3 class=\"rank-math-question \"><span id=\"Berelt_auto_koltsegeinek_elszamolasa_hogyan_tortenik\" class=\"ez-toc-section\"><\/span>B\u00e9relt aut\u00f3 k\u00f6lts\u00e9geinek elsz\u00e1mol\u00e1sa hogyan t\u00f6rt\u00e9nik?<\/h3>\n<div class=\"rank-math-answer \">\n<p>Ha a b\u00e9raut\u00f3t a v\u00e1llalkoz\u00e1s m\u0171k\u00f6d\u00e9s\u00e9vel kapcsolatban haszn\u00e1lja, a c\u00e9ges aut\u00f3 k\u00f6lts\u00e9gek teljes m\u00e9rt\u00e9kben elsz\u00e1molhat\u00f3. Ha a b\u00e9relt aut\u00f3t mag\u00e1ntev\u00e9kenys\u00e9gre is haszn\u00e1lja, akkor a megtett kilom\u00e9tert ar\u00e1nyosan le kell vonni az \u00f6sszes megtett km-b\u0151l, \u00e9s csak ezt a r\u00e9szt lehet elsz\u00e1molni k\u00f6lts\u00e9gk\u00e9nt.<\/p>\n<\/div>\n<\/div>\n<div id=\"faq-question-1614705067210\" class=\"rank-math-list-item\">\n<h3 class=\"rank-math-question \"><span id=\"Mi_a_helyzet_ha_lerobban_a_berelt_auto\" class=\"ez-toc-section\"><\/span><strong>Mi a helyzet, ha lerobban a b\u00e9relt aut\u00f3?<\/strong><\/h3>\n<div class=\"rank-math-answer \">\n<p>B\u00e9raut\u00f3inkat t\u00f6k\u00e9letes m\u0171szaki \u00e1llapotban adjuk \u00e1t (t\u00e9li-ny\u00e1ri gumi, m\u0171szakilag ellen\u0151rz\u00f6tt \u00e1llapot stb.), de ha m\u00e9gis lerobbanna valahol, akkor csereaut\u00f3r\u00f3l igyeksz\u00fcnk gondoskodni mihamarabb.<\/p>\n<\/div>\n<\/div>\n<div id=\"faq-question-1614705082633\" class=\"rank-math-list-item\">\n<h3 class=\"rank-math-question \"><span id=\"1_napra_es_hosszabb_tavra_is_berelheto_auto\" class=\"ez-toc-section\"><\/span><strong>1 napra \u00e9s hosszabb t\u00e1vra is b\u00e9relhet\u0151 aut\u00f3?<\/strong><\/h3>\n<div class=\"rank-math-answer \">\n<p>Igen, tetsz\u0151legesen v\u00e1laszthatja ki az aut\u00f3b\u00e9rl\u00e9s id\u0151tartam\u00e1t az ig\u00e9nyei szerint. A b\u00e9rl\u00e9s minim\u00e1lis id\u0151tartama 1 nap.<\/p>\n<\/div>\n<\/div>\n<div id=\"faq-question-1614705107089\" class=\"rank-math-list-item\">\n<h3 class=\"rank-math-question \"><span id=\"Van-e_korhatar_autoberlesnel\" class=\"ez-toc-section\"><\/span><strong>Van-e korhat\u00e1r aut\u00f3b\u00e9rl\u00e9sn\u00e9l?<\/strong><\/h3>\n<div class=\"rank-math-answer \">\n<p>Igen, 21 \u00e9ves kor alatt nem b\u00e9relhet\u0151 aut\u00f3 n\u00e1lunk.<\/p>\n<\/div>\n<\/div>\n<div id=\"faq-question-1614705128240\" class=\"rank-math-list-item\">\n<h3 class=\"rank-math-question \"><span id=\"Van-e_kilometer_limit_berleskor\" class=\"ez-toc-section\"><\/span><strong>Van-e kilom\u00e9ter limit b\u00e9rl\u00e9skor?<\/strong><\/h3>\n<div class=\"rank-math-answer \">\n<p>A napi kilom\u00e9terlimit 300 km (max. 3500km\/h\u00f3), e felett km d\u00edjat sz\u00e1m\u00edtunk fel, amelynek \u00f6sszege az Aut\u00f3b\u00e9rl\u00e9s k\u00f6lts\u00e9gek men\u00fcpontban tal\u00e1lhat\u00f3.<\/p>\n<\/div>\n<\/div>\n<\/div>\n\n\n<p><span style=\"font-size: 14pt;\"><b>Milyen pap\u00edrokra van sz\u00fcks\u00e9g pontosan az aut\u00f3k\u00f6lcs\u00f6nz\u00e9shez?<\/b><\/span><\/p>\n\n\n\n<p><span style=\"font-size: 14pt;\"><u>Mag\u00e1nszem\u00e9ly eset\u00e9n<\/u>:<\/span><\/p>\n\n\n\n<ul class=\"wp-block-list\">\n<li><span style=\"font-size: 14pt;\">Legal\u00e1bb 1 \u00e9ves jogos\u00edtv\u00e1ny<\/span><\/li>\n\n\n\n<li><span style=\"font-size: 14pt;\"><a aria-label=\"Szem\u00e9lyi igazolv\u00e1ny (opens in a new tab)\" rel=\"noreferrer noopener\" class=\"rank-math-link\" href=\"https:\/\/nyilvantarto.hu\/hu\/szig\" target=\"_blank\">Szem\u00e9lyi igazolv\u00e1ny<\/a><\/span><\/li>\n\n\n\n<li><span style=\"font-size: 14pt;\">Lakc\u00edmk\u00e1rtya<\/span><\/li>\n\n\n\n<li><span style=\"font-size: 14pt;\">TAJ k\u00e1rtya<\/span><\/li>\n\n\n\n<li><span style=\"font-size: 14pt;\">Ad\u00f3 k\u00e1rtya<\/span><\/li>\n\n\n\n<li><span style=\"font-size: 14pt;\">A b\u00e9rl\u0151 nev\u00e9re sz\u00f3l\u00f3 k\u00f6z\u00fczemi sz\u00e1mla<\/span> ( Nem felt\u00e9tel ) <\/li>\n<\/ul>\n\n\n\n<p><span style=\"font-size: 14pt;\"><u>C\u00e9g eset\u00e9n<\/u>:<\/span><\/p>\n\n\n\n<ul class=\"wp-block-list\">\n<li><span style=\"font-size: 14pt;\">C\u00e9g k\u00e9pvisel\u0151 szem\u00e9lyes iratai:<\/span><\/li>\n\n\n\n<li><span style=\"font-size: 14pt;\">Legal\u00e1bb 1 \u00e9ves jogos\u00edtv\u00e1ny<\/span><\/li>\n\n\n\n<li><span style=\"font-size: 14pt;\">Szem\u00e9lyi igazolv\u00e1ny<\/span><\/li>\n\n\n\n<li><span style=\"font-size: 14pt;\">Lakc\u00edmk\u00e1rtya<\/span><\/li>\n\n\n\n<li><span style=\"font-size: 14pt;\">TAJ k\u00e1rtya<\/span><\/li>\n\n\n\n<li><span style=\"font-size: 14pt;\">Ad\u00f3k\u00e1rtya<\/span><\/li>\n\n\n\n<li><span style=\"font-size: 14pt;\">Al\u00e1\u00edr\u00e1si c\u00edmp\u00e9ld\u00e1ny<\/span><\/li>\n\n\n\n<li><span style=\"font-size: 14pt;\">C\u00e9gkivonat<\/span><\/li>\n<\/ul>\n\n\n\n<p><span style=\"font-size: 14pt;\"><u>K\u00fclf\u00f6ldi \u00e1llampolg\u00e1r eset\u00e9n<\/u>:<\/span><\/p>\n\n\n\n<ul class=\"wp-block-list\">\n<li><span style=\"font-size: 14pt;\">Legal\u00e1bb 1 \u00e9ves jogos\u00edtv\u00e1ny<\/span><\/li>\n\n\n\n<li><span style=\"font-size: 14pt;\">\u00datlev\u00e9l<\/span><\/li>\n<\/ul>\n\n\n\n<p><span style=\"font-size: 14pt;\"><b>Milyen k\u00f6lts\u00e9ggel kell sz\u00e1molni, ha nincs id\u0151 kitakar\u00edtani az aut\u00f3t?<\/b><\/span><\/p>\n\n\n\n<p><span style=\"font-size: 14pt;\">Tiszta \u00e1llapotban nem sz\u00e1molunk fel takar\u00edt\u00e1si d\u00edjat, egy\u00e9bk\u00e9nt az Aut\u00f3b\u00e9rl\u00e9s k\u00f6lts\u00e9gek men\u00fcpontban l\u00e9v\u0151 d\u00edjszab\u00e1s \u00e9rv\u00e9nyes.<\/span><\/p>\n\n\n\n<p><span style=\"font-size: 14pt;\"><b>K\u00f6lcs\u00f6n\u00f6zhet\u0151 aut\u00f3 m\u00e1s sz\u00e1m\u00e1ra is?<\/b><\/span><\/p>\n\n\n\n<p><span style=\"font-size: 14pt;\">Igen, ha elm\u00falt 21 \u00e9ves, \u00e9s rendelkezik a megfelel\u0151 pap\u00edrokkal.<\/span><\/p>\n\n\n\n<p><span style=\"font-size: 14pt;\"><b>Hogyan tal\u00e1lhatom meg a legolcs\u00f3bb aut\u00f3b\u00e9rl\u00e9s lehet\u0151s\u00e9g\u00e9t?<\/b><\/span><\/p>\n\n\n\n<p><span style=\"font-size: 14pt;\">N\u00e9zzen k\u00f6r\u00fcl a k\u00f6lcs\u00f6n\u00f6zhet\u0151 aut\u00f3ink k\u00f6z\u00f6tt, \u00e9s v\u00e1lassza ki az \u00d6nnek legmegfelel\u0151bbet.<\/span><\/p>\n\n\n\n<p><span style=\"font-size: 14pt;\"><b>Aut\u00f3b\u00e9rl\u00e9s Budapesten kauci\u00f3 n\u00e9lk\u00fcl?<\/b><\/span><\/p>\n\n\n\n<p><span style=\"font-size: 14pt;\">Kauci\u00f3 n\u00e9lk\u00fcli aut\u00f3b\u00e9rl\u00e9s jelenleg nem lehets\u00e9ges.<\/span><\/p>\n\n\n\n<p><span style=\"font-size: 14pt;\"><b>Aut\u00f3b\u00e9rl\u00e9s Budapest Liszt Ferenc rep\u00fcl\u0151t\u00e9rre?<\/b><\/span><\/p>\n\n\n\n<p><span style=\"font-size: 14pt;\">Igen, v\u00e1llaljuk, hogy elvissz\u00fck \u00d6nnek a b\u00e9raut\u00f3t a rep\u00fcl\u0151t\u00e9rre.<\/span><\/p>\n\n\n\n<p><span style=\"font-size: 14pt;\"><b>Esk\u00fcv\u0151i aut\u00f3b\u00e9rl\u00e9s?<\/b><\/span><\/p>\n\n\n\n<p><span style=\"font-size: 14pt;\">Van ilyen szolg\u00e1ltat\u00e1sunk, ha k\u00e9ri, biztos\u00edtunk sof\u0151rt is.<\/span><\/p>\n\n\n\n<p><span style=\"font-size: 14pt;\"><b>Mire \u00e9rdemes figyelni az aut\u00f3 kiv\u00e1laszt\u00e1sakor?<\/b><\/span><\/p>\n\n\n\n<p><span style=\"font-size: 14pt;\">Az aut\u00f3b\u00e9rl\u00e9s d\u00edj\u00e1n k\u00edv\u00fcl \u00fcgyeljen arra, hogy biztosan el\u00e9g hely legyen az utasok \u00e9s a csomagok sz\u00e1m\u00e1ra.<\/span><\/p>\n\n\n\n<p><span style=\"font-size: 14pt;\"><b>Minden k\u00f6lts\u00e9get tartalmaz a b\u00e9rleti d\u00edj?<\/b><\/span><\/p>\n\n\n\n<p><span style=\"font-size: 14pt;\">B\u00e9rl\u00e9si konstrukci\u00f3ink t\u00f6bbs\u00e9ge tartalmazza az \u00f6sszes k\u00f6lts\u00e9get (biztos\u00edt\u00e1s, k\u00f6z\u00fathaszn\u00e1lat), de ha sof\u0151rt ig\u00e9nyel vagy egyir\u00e1ny\u00fa \u00fatd\u00edj mer\u00fcl fel, akkor ezeket az aut\u00f3 \u00e1tv\u00e9telekor kell tiszt\u00e1zni.<\/span><\/p>\n\n\n\n<p><span style=\"font-size: 14pt;\"><b>A k\u00f6lcs\u00f6nz\u00f6tt aut\u00f3val k\u00fclf\u00f6ldre is utazhatok?<\/b><\/span><\/p>\n\n\n\n<p><span style=\"font-size: 14pt;\">Ez egyedi elb\u00edr\u00e1l\u00e1s eset\u00e9n, szem\u00e9lyes megbesz\u00e9l\u00e9s sor\u00e1n d\u0151l el.<\/span><\/p>\n\n\n\n<p><span style=\"font-size: 14pt;\"><b>Gyermek\u00fcl\u00e9s ig\u00e9nybe vehet\u0151?<\/b><\/span><\/p>\n\n\n\n<p><span style=\"font-size: 14pt;\">Igen, de gyermek\u00fcl\u00e9s ig\u00e9ny\u00e9t el\u0151re kell jeleznie.<\/span><\/p>\n\n\n\n<p><span style=\"font-size: 14pt;\">Ne feledje, ha megb\u00edzhat\u00f3an, gyorsan szeretne <i>aut\u00f3t b\u00e9relni Budapesten<\/i>, akkor forduljon hozz\u00e1nk bizalommal: <strong>+36 70 626 96 00 vagy +36 70 410 59 19 !<\/strong><\/span><\/p>\n","protected":false},"excerpt":{"rendered":"<p>Hogyan vehetem \u00e1t a b\u00e9relt aut\u00f3t? Az aut\u00f3b\u00e9rl\u00e9s menete az al\u00e1bbiak szerint alakul: Ilyen egyszer\u0171. Ha k\u00e9rd\u00e9se van, akkor k\u00e9rj\u00fck, olvassa el az al\u00e1bbi Gyakori k\u00e9rd\u00e9seket, mert lehet, hogy v\u00e1laszt kap azonnal, vagy b\u0151vebb t\u00e1j\u00e9koztat\u00e1s\u00e9rt h\u00edvhatja \u00fcgyf\u00e9lszolg\u00e1latunkat is a +36 70 626 96 00 sz\u00e1mon! Meg\u00e9ri aut\u00f3t b\u00e9relni? A korrekt t\u00e1j\u00e9koztat\u00e1s \u00e9rdek\u00e9ben azt kell mondanunk, &hellip;<\/p>\n<p class=\"read-more\"> <a class=\"\" href=\"https:\/\/berauto-pest.hu\/?page_id=69\"> <span class=\"screen-reader-text\">Gyakori k\u00e9rd\u00e9sek<\/span> Read More &raquo;<\/a><\/p>\n","protected":false},"author":1,"featured_media":0,"parent":0,"menu_order":0,"comment_status":"closed","ping_status":"closed","template":"","meta":{"site-sidebar-layout":"default","site-content-layout":"default","ast-main-header-display":"","ast-hfb-above-header-display":"","ast-hfb-below-header-display":"","ast-hfb-mobile-header-display":"","site-post-title":"","ast-breadcrumbs-content":"","ast-featured-img":"","footer-sml-layout":"","theme-transparent-header-meta":"","adv-header-id-meta":"","stick-header-meta":"","header-above-stick-meta":"","header-main-stick-meta":"","header-below-stick-meta":"","footnotes":""},"class_list":["post-69","page","type-page","status-publish","hentry"],"_links":{"self":[{"href":"https:\/\/berauto-pest.hu\/index.php?rest_route=\/wp\/v2\/pages\/69","targetHints":{"allow":["GET"]}}],"collection":[{"href":"https:\/\/berauto-pest.hu\/index.php?rest_route=\/wp\/v2\/pages"}],"about":[{"href":"https:\/\/berauto-pest.hu\/index.php?rest_route=\/wp\/v2\/types\/page"}],"author":[{"embeddable":true,"href":"https:\/\/berauto-pest.hu\/index.php?rest_route=\/wp\/v2\/users\/1"}],"replies":[{"embeddable":true,"href":"https:\/\/berauto-pest.hu\/index.php?rest_route=%2Fwp%2Fv2%2Fcomments&post=69"}],"version-history":[{"count":9,"href":"https:\/\/berauto-pest.hu\/index.php?rest_route=\/wp\/v2\/pages\/69\/revisions"}],"predecessor-version":[{"id":354,"href":"https:\/\/berauto-pest.hu\/index.php?rest_route=\/wp\/v2\/pages\/69\/revisions\/354"}],"wp:attachment":[{"href":"https:\/\/berauto-pest.hu\/index.php?rest_route=%2Fwp%2Fv2%2Fmedia&parent=69"}],"curies":[{"name":"wp","href":"https:\/\/api.w.org\/{rel}","templated":true}]}}