{"id":72,"date":"2022-02-08T09:08:36","date_gmt":"2022-02-08T09:08:36","guid":{"rendered":"https:\/\/berauto-pest.hu\/?page_id=72"},"modified":"2023-10-27T09:42:09","modified_gmt":"2023-10-27T09:42:09","slug":"az-autoberles-koltsegei","status":"publish","type":"page","link":"https:\/\/berauto-pest.hu\/?page_id=72","title":{"rendered":"Az aut\u00f3b\u00e9rl\u00e9s k\u00f6lts\u00e9gei"},"content":{"rendered":"\n<p><span style=\"font-size: 14pt;\">Mindegyik b\u00e9relhet\u0151 aut\u00f3n\u00e1l megtal\u00e1lhat\u00f3k a b\u00e9rleti d\u00edjak, hossz\u00fa t\u00e1v\u00fa aut\u00f3b\u00e9rl\u00e9s eset\u00e9n (amire term\u00e9szetesen van lehet\u0151s\u00e9g a legt\u00f6bb modell\u00fcnkn\u00e9l) kedvez\u0151bb \u00e1rat tudunk biztos\u00edtani.<\/span><\/p>\n\n\n\n<p><span style=\"font-size: 14pt;\">Az aut\u00f3b\u00e9rl\u00e9s \u00e1rakhoz kapcsol\u00f3d\u00f3, esetleges k\u00f6lts\u00e9gek, amelyeket csak speci\u00e1lis esetekben sz\u00e1m\u00edtunk fel az al\u00e1bbiak szerint:<\/span><\/p>\n\n\n\n<p><strong><span style=\"text-decoration: underline;\"><span style=\"font-size: 14pt;\">Egyszeri takar\u00edt\u00e1s k\u00f6lts\u00e9ge:<\/span><\/span><\/strong><\/p>\n\n\n\n<ul class=\"wp-block-list\">\n<li><span style=\"font-size: 14pt;\">Szem\u00e9lyaut\u00f3: 5000 Ft<\/span><\/li>\n\n\n\n<li><span style=\"font-size: 14pt;\">Teheraut\u00f3 : 8000 Ft<\/span><\/li>\n<\/ul>\n\n\n\n<p><strong><span style=\"text-decoration: underline;\"><span style=\"font-size: 14pt;\">Kisz\u00e1ll\u00e1si k\u00f6lts\u00e9g:<\/span><\/span><\/strong><\/p>\n\n\n\n<p><span style=\"font-size: 14pt;\">Budapest vonz\u00e1sk\u00f6rzet\u00e9ben \u00e9s a rep\u00fcl\u0151t\u00e9rre egys\u00e9gesen: 10.000 Ft<\/span><\/p>\n\n\n\n<p><span style=\"text-decoration: underline;\"><span style=\"font-size: 14pt;\"><strong>Napi kilom\u00e9terlimit:<\/strong><\/span><\/span><br>\n<span style=\"font-size: 14pt;\">Kilom\u00e9terlimit: 300 km\/nap (max. 3500 km\/h\u00f3nap), e felett 20&nbsp;Ft\/ km d\u00edjat sz\u00e1m\u00edtunk fel.<\/span><\/p>\n\n\n\n<p><span style=\"text-decoration: underline;\"><strong><span style=\"font-size: 14pt;\">Sof\u0151rb\u00e9rl\u00e9s k\u00f6lts\u00e9ge:<\/span><\/strong><\/span><\/p>\n\n\n\n<p><span style=\"font-size: 14pt;\">Nagyon egyedi, att\u00f3l f\u00fcgg, hogy mi a pontos ig\u00e9ny, k\u00e9rj\u00fck, h\u00edvjon fel minket, hogy meg tudjuk besz\u00e9lni pontosan: <\/span><strong>+36 70 410 59 19<\/strong> ! <\/p>\n\n\n\n<p><span style=\"font-size: 14pt;\">A fenti aut\u00f3b\u00e9rl\u00e9s \u00e1rak <span style=\"text-decoration: underline;\">nett\u00f3 \u00f6sszegek \u00e9s nem tartalmazz\u00e1k az \u00e1f\u00e1t<\/span>! Az \u00e1rv\u00e1ltoztat\u00e1s jog\u00e1t fenntartjuk, k\u00e9rem, hogy a konkr\u00e9t aut\u00f3k\u00f6lcs\u00f6nz\u00e9si d\u00edj\u00e9rt h\u00edvja telefonsz\u00e1munkat!<\/span><\/p>\n","protected":false},"excerpt":{"rendered":"<p>Mindegyik b\u00e9relhet\u0151 aut\u00f3n\u00e1l megtal\u00e1lhat\u00f3k a b\u00e9rleti d\u00edjak, hossz\u00fa t\u00e1v\u00fa aut\u00f3b\u00e9rl\u00e9s eset\u00e9n (amire term\u00e9szetesen van lehet\u0151s\u00e9g a legt\u00f6bb modell\u00fcnkn\u00e9l) kedvez\u0151bb \u00e1rat tudunk biztos\u00edtani. Az aut\u00f3b\u00e9rl\u00e9s \u00e1rakhoz kapcsol\u00f3d\u00f3, esetleges k\u00f6lts\u00e9gek, amelyeket csak speci\u00e1lis esetekben sz\u00e1m\u00edtunk fel az al\u00e1bbiak szerint: Egyszeri takar\u00edt\u00e1s k\u00f6lts\u00e9ge: Kisz\u00e1ll\u00e1si k\u00f6lts\u00e9g: Budapest vonz\u00e1sk\u00f6rzet\u00e9ben \u00e9s a rep\u00fcl\u0151t\u00e9rre egys\u00e9gesen: 10.000 Ft Napi kilom\u00e9terlimit: Kilom\u00e9terlimit: 300 km\/nap &hellip;<\/p>\n<p class=\"read-more\"> <a class=\"\" href=\"https:\/\/berauto-pest.hu\/?page_id=72\"> <span class=\"screen-reader-text\">Az aut\u00f3b\u00e9rl\u00e9s k\u00f6lts\u00e9gei<\/span> Read More &raquo;<\/a><\/p>\n","protected":false},"author":1,"featured_media":0,"parent":0,"menu_order":0,"comment_status":"closed","ping_status":"closed","template":"","meta":{"site-sidebar-layout":"default","site-content-layout":"default","ast-main-header-display":"","ast-hfb-above-header-display":"","ast-hfb-below-header-display":"","ast-hfb-mobile-header-display":"","site-post-title":"","ast-breadcrumbs-content":"","ast-featured-img":"","footer-sml-layout":"","theme-transparent-header-meta":"","adv-header-id-meta":"","stick-header-meta":"","header-above-stick-meta":"","header-main-stick-meta":"","header-below-stick-meta":"","footnotes":""},"class_list":["post-72","page","type-page","status-publish","hentry"],"_links":{"self":[{"href":"https:\/\/berauto-pest.hu\/index.php?rest_route=\/wp\/v2\/pages\/72","targetHints":{"allow":["GET"]}}],"collection":[{"href":"https:\/\/berauto-pest.hu\/index.php?rest_route=\/wp\/v2\/pages"}],"about":[{"href":"https:\/\/berauto-pest.hu\/index.php?rest_route=\/wp\/v2\/types\/page"}],"author":[{"embeddable":true,"href":"https:\/\/berauto-pest.hu\/index.php?rest_route=\/wp\/v2\/users\/1"}],"replies":[{"embeddable":true,"href":"https:\/\/berauto-pest.hu\/index.php?rest_route=%2Fwp%2Fv2%2Fcomments&post=72"}],"version-history":[{"count":7,"href":"https:\/\/berauto-pest.hu\/index.php?rest_route=\/wp\/v2\/pages\/72\/revisions"}],"predecessor-version":[{"id":352,"href":"https:\/\/berauto-pest.hu\/index.php?rest_route=\/wp\/v2\/pages\/72\/revisions\/352"}],"wp:attachment":[{"href":"https:\/\/berauto-pest.hu\/index.php?rest_route=%2Fwp%2Fv2%2Fmedia&parent=72"}],"curies":[{"name":"wp","href":"https:\/\/api.w.org\/{rel}","templated":true}]}}