{"id":212,"date":"2022-02-13T15:59:37","date_gmt":"2022-02-13T15:59:37","guid":{"rendered":"https:\/\/berauto-pest.hu\/?post_type=product&#038;p=212"},"modified":"2023-10-27T09:31:46","modified_gmt":"2023-10-27T09:31:46","slug":"nissan-leaf-acenta-10000-ft-nap-havi-berles-eseten-elektromos-24kwh","status":"publish","type":"product","link":"https:\/\/berauto-pest.hu\/?product=nissan-leaf-acenta-10000-ft-nap-havi-berles-eseten-elektromos-24kwh","title":{"rendered":"Nissan Leaf Acenta 10000 Ft\/nap (havi b\u00e9rl\u00e9s eset\u00e9n) (Elektromos\/24kWh)"},"content":{"rendered":"","protected":false},"excerpt":{"rendered":"<h2>Nissan Leaf\u00a0 Automata k\u00f6lcs\u00f6nz\u00e9s Budapesten\u00a0 (Elektromos)<\/h2>\n<div class=\"row\">\n<div class=\"col\"><strong>Nissan Leaf b\u00e9rl\u00e9s a <a href=\"https:\/\/www.facebook.com\/carpatikft\/\" target=\"_blank\" rel=\"noopener\">Carpati Kft-t\u0151l<\/a><\/strong><\/div>\n<\/div>\n<div class=\"row\">\n<div id=\"copy_2602340\" class=\"col nl-to-br\">Budapesti c\u00e9g\u00fcnkt\u0151l, b\u00e9rl\u00e9sre k\u00edn\u00e1lunk egy igazi kuri\u00f3zumot az olcs\u00f3 aut\u00f3b\u00e9rl\u00e9s vil\u00e1g\u00e1ban. Hib\u00e1tlan \u00e1llapotban van teljesen megb\u00edzhat\u00f3 elektromos aut\u00f3. Net\u00e1n elektromos aut\u00f3 v\u00e1s\u00e1rl\u00e1s el\u0151tt vagy \u00e9s nem tudod j\u00f3l d\u00f6ntesz-e , mennyire tudsz egy\u00fctt \u00e9lni vele? Itt a lehet\u0151s\u00e9g,\u00a0 hogy kipr\u00f3b\u00e1ld!<\/div>\n<\/div>\n<p><span style=\"color: #ff0000;\"><strong>10.000 Ft\/nap havi b\u00e9rl\u00e9ssel<\/strong><\/span><\/p>\n<p><strong>AZ \u00c1RAK AZ \u00c1F\u00c1T NEM TARTALMAZZ\u00c1K!<\/strong><\/p>\n<p>1-3. nap <strong>13.500 Ft<\/strong>\/nap<br \/>\n4-7. nap <strong>12.000 Ft<\/strong>\/nap<br \/>\n8. napt\u00f3l: <strong>10.000 Ft<\/strong>\/nap<\/p>\n<p>Kauci\u00f3: <strong>150.000 Ft<\/strong><\/p>\n<p>Keressen minket b\u00e1tran az al\u00e1bbi telefonsz\u00e1mon:<\/p>\n<h6><span style=\"color: #000080;\"><strong>+36 70 626 96 00\u00a0<\/strong><\/span><\/h6>\n","protected":false},"featured_media":213,"template":"","meta":{"site-sidebar-layout":"default","site-content-layout":"default","ast-main-header-display":"","ast-hfb-above-header-display":"","ast-hfb-below-header-display":"","ast-hfb-mobile-header-display":"","site-post-title":"","ast-breadcrumbs-content":"","ast-featured-img":"","footer-sml-layout":"","theme-transparent-header-meta":"","adv-header-id-meta":"","stick-header-meta":"","header-above-stick-meta":"","header-main-stick-meta":"","header-below-stick-meta":""},"product_cat":[48],"product_tag":[34,38,41,50,39,49,36,42],"class_list":{"0":"post-212","1":"product","2":"type-product","3":"status-publish","4":"has-post-thumbnail","6":"product_cat-nissan-leaf-elektromos","7":"product_tag-autoberles","8":"product_tag-budapest-autoberles","9":"product_tag-carpati-kft","10":"product_tag-elektromos-auto-berles","11":"product_tag-kisauto-berles","12":"product_tag-nissan-berles","13":"product_tag-olcso-autoberles","14":"product_tag-repteri-autoberles","16":"first","17":"instock","18":"shipping-taxable","19":"product-type-simple"},"_links":{"self":[{"href":"https:\/\/berauto-pest.hu\/index.php?rest_route=\/wp\/v2\/product\/212","targetHints":{"allow":["GET"]}}],"collection":[{"href":"https:\/\/berauto-pest.hu\/index.php?rest_route=\/wp\/v2\/product"}],"about":[{"href":"https:\/\/berauto-pest.hu\/index.php?rest_route=\/wp\/v2\/types\/product"}],"wp:featuredmedia":[{"embeddable":true,"href":"https:\/\/berauto-pest.hu\/index.php?rest_route=\/wp\/v2\/media\/213"}],"wp:attachment":[{"href":"https:\/\/berauto-pest.hu\/index.php?rest_route=%2Fwp%2Fv2%2Fmedia&parent=212"}],"wp:term":[{"taxonomy":"product_cat","embeddable":true,"href":"https:\/\/berauto-pest.hu\/index.php?rest_route=%2Fwp%2Fv2%2Fproduct_cat&post=212"},{"taxonomy":"product_tag","embeddable":true,"href":"https:\/\/berauto-pest.hu\/index.php?rest_route=%2Fwp%2Fv2%2Fproduct_tag&post=212"}],"curies":[{"name":"wp","href":"https:\/\/api.w.org\/{rel}","templated":true}]}}