{"id":400,"date":"2024-11-20T16:10:44","date_gmt":"2024-11-20T16:10:44","guid":{"rendered":"https:\/\/berauto-pest.hu\/?post_type=product&#038;p=400"},"modified":"2024-11-21T13:04:27","modified_gmt":"2024-11-21T13:04:27","slug":"toyota-verso-subaru-trezia-mini-egyteru-takarekos-dizel-motorral-es-automata-valtoval-havi-berles-eseten-kedvezmenyesebb-aron","status":"publish","type":"product","link":"https:\/\/berauto-pest.hu\/?product=toyota-verso-subaru-trezia-mini-egyteru-takarekos-dizel-motorral-es-automata-valtoval-havi-berles-eseten-kedvezmenyesebb-aron","title":{"rendered":"Toyota Verso (Subaru Trezia) mini egyter\u0171 takar\u00e9kos d\u00edzel motorral \u00e9s automata v\u00e1lt\u00f3val! Havi b\u00e9rl\u00e9s eset\u00e9n kedvezm\u00e9nyesebb \u00e1ron!"},"content":{"rendered":"<div class=\"row\">\n<div class=\"col\"><strong>Toyota Verso (Subaru Trezia) b\u00e9rl\u00e9s a <a href=\"https:\/\/www.facebook.com\/carpatikft\/\" target=\"_blank\" rel=\"noopener\">Carpati Kft-t\u0151l\u00a0<\/a><\/strong><\/div>\n<\/div>\n<div class=\"row\">\n<div><\/div>\n<div id=\"copy_2602340\" class=\"col nl-to-br\">Budapesti c\u00e9g\u00fcnkt\u0151l, b\u00e9rl\u00e9sre k\u00edn\u00e1lunk egy fiatalos, kifejezetten j\u00f3l kin\u00e9z\u0151 egyter\u0171t. Praktikus utastere rengetek m\u00f3don vari\u00e1llhat\u00f3, \u00edgy nagyon j\u00f3l pakolhat\u00f3 vagy nagyon k\u00e9nyelmes utasteret biztos\u00edt. Komfortr\u00f3l a sz\u00e9p b\u0151r\u00fcl\u00e9sek is gondoskodnak amik f\u0171thet\u0151ek, \u00e9rint\u0151kijelz\u0151s multim\u00e9dia USB csatlakoz\u00e1si ponttal, \u00e9s magas az \u00fcl\u00e9sp\u00f3z. Amellett, hogy nem kell a kuplunggal foglalkozni m\u00e9g keveset is fogyaszt. Ez \u00e1tlag 5 litert jelent 100 km.-en!\u00a0 Nyomat\u00e9kos d\u00edzel motorja 4 szem\u00e9llyel is megfelel\u0151 temp\u00f3t dikt\u00e1l. Term\u00e9szetesen j\u00f3 m\u0171szaki \u00e1llapotnak \u00f6rvend, kl\u00edm\u00e1ja j\u00e9ghideget f\u00faj, \u00e9s j\u00f3 abroncsokkal van szerelve. Mint minden aut\u00f3nk . H\u00edvjon bizalommal.<\/div>\n<\/div>\n<div><\/div>\n<div>\n<p><strong>AZ \u00c1RAK AZ \u00c1F\u00c1T NEM TARTALMAZZ\u00c1K!<\/strong><\/p>\n<p>1-3. nap\u00a0<strong>9.900<\/strong><strong>\u00a0Ft<\/strong>\/nap<br \/>\n4-7. nap <strong>9.<\/strong><strong>000<\/strong><strong>\u00a0Ft<\/strong>\/nap<br \/>\n8. napt\u00f3l:\u00a0<strong>8<\/strong><strong>.5<\/strong><strong>00 Ft<\/strong>\/nap<br \/>\nHavi b\u00e9rl\u00e9s:\u00a0<strong>E<\/strong><strong>gyedi \u00e1r !\u00a0<\/strong><\/p>\n<p><strong>24 \u00f3r\u00e1t\u00f3l kevesebb idej\u0171 b\u00e9rl\u00e9s enn\u00e9l az aut\u00f3nkn\u00e1l nem lehets\u00e9ges!\u00a0<\/strong><\/p>\n<p>Kauci\u00f3: <strong>1<\/strong><strong>00<\/strong><strong>.000 Ft<\/strong><\/p>\n<p>Keressen minket b\u00e1tran az al\u00e1bbi telefonsz\u00e1mon:<\/p>\n<h6><strong>+36 70 626 96 00<\/strong><\/h6>\n<\/div>\n","protected":false},"excerpt":{"rendered":"<p>Toyota Verso (Subaru Trezia) b\u00e9rl\u00e9s a Carpati Kft-t\u0151l\u00a0 Budapesti c\u00e9g\u00fcnkt\u0151l, b\u00e9rl\u00e9sre k\u00edn\u00e1lunk egy fiatalos, kifejezetten j\u00f3l kin\u00e9z\u0151 egyter\u0171t. Praktikus utastere rengetek m\u00f3don vari\u00e1llhat\u00f3, \u00edgy nagyon j\u00f3l pakolhat\u00f3 vagy nagyon k\u00e9nyelmes utasteret biztos\u00edt. Komfortr\u00f3l a sz\u00e9p b\u0151r\u00fcl\u00e9sek is gondoskodnak amik f\u0171thet\u0151ek, \u00e9rint\u0151kijelz\u0151s multim\u00e9dia USB csatlakoz\u00e1si ponttal, \u00e9s magas az \u00fcl\u00e9sp\u00f3z. Amellett, hogy nem kell a kuplunggal &hellip;<\/p>\n<p class=\"read-more\"> <a class=\"\" href=\"https:\/\/berauto-pest.hu\/?product=toyota-verso-subaru-trezia-mini-egyteru-takarekos-dizel-motorral-es-automata-valtoval-havi-berles-eseten-kedvezmenyesebb-aron\"> <span class=\"screen-reader-text\">Toyota Verso (Subaru Trezia) mini egyter\u0171 takar\u00e9kos d\u00edzel motorral \u00e9s automata v\u00e1lt\u00f3val! Havi b\u00e9rl\u00e9s eset\u00e9n kedvezm\u00e9nyesebb \u00e1ron!<\/span> Read More &raquo;<\/a><\/p>\n","protected":false},"featured_media":403,"template":"","meta":{"site-sidebar-layout":"default","site-content-layout":"default","ast-main-header-display":"","ast-hfb-above-header-display":"","ast-hfb-below-header-display":"","ast-hfb-mobile-header-display":"","site-post-title":"","ast-breadcrumbs-content":"","ast-featured-img":"","footer-sml-layout":"","theme-transparent-header-meta":"","adv-header-id-meta":"","stick-header-meta":"","header-above-stick-meta":"","header-main-stick-meta":"","header-below-stick-meta":""},"product_cat":[24,20,66,30,22,32,99,23,31,72,69,100,27,97,101,98,28,29],"product_tag":[109,106,108,107,104,105,110,111],"class_list":{"0":"post-400","1":"product","2":"type-product","3":"status-publish","4":"has-post-thumbnail","6":"product_cat-autoberles-autoberles","7":"product_cat-autoberles","8":"product_cat-automata-auto-berles","9":"product_cat-automata-berles","10":"product_cat-budapest","11":"product_cat-diesel-yaris-berles","12":"product_cat-egyteru-berles","13":"product_cat-kisauto-berles","14":"product_cat-olcso-autoberles","15":"product_cat-olcso-autokolcsonzes","16":"product_cat-olcso-automata-valtos-kolcsonzes","17":"product_cat-subaru-trezia-berles","18":"product_cat-toyota","19":"product_cat-toyota-automata","20":"product_cat-toyota-automata-berles","21":"product_cat-toyota-verso-berles","22":"product_cat-toyota-yaris","23":"product_cat-yaris-autoberles","24":"product_tag-automata-subaru-kolcsonzes","25":"product_tag-automata-valtos-toyota","26":"product_tag-dizel-autoberles","27":"product_tag-subaru-berles","28":"product_tag-toyota-berles","29":"product_tag-toyota-egyteru-berles","30":"product_tag-toyota-verso-berles","31":"product_tag-verso-kolcsonzes","33":"first","34":"instock","35":"shipping-taxable","36":"product-type-simple"},"_links":{"self":[{"href":"https:\/\/berauto-pest.hu\/index.php?rest_route=\/wp\/v2\/product\/400","targetHints":{"allow":["GET"]}}],"collection":[{"href":"https:\/\/berauto-pest.hu\/index.php?rest_route=\/wp\/v2\/product"}],"about":[{"href":"https:\/\/berauto-pest.hu\/index.php?rest_route=\/wp\/v2\/types\/product"}],"wp:featuredmedia":[{"embeddable":true,"href":"https:\/\/berauto-pest.hu\/index.php?rest_route=\/wp\/v2\/media\/403"}],"wp:attachment":[{"href":"https:\/\/berauto-pest.hu\/index.php?rest_route=%2Fwp%2Fv2%2Fmedia&parent=400"}],"wp:term":[{"taxonomy":"product_cat","embeddable":true,"href":"https:\/\/berauto-pest.hu\/index.php?rest_route=%2Fwp%2Fv2%2Fproduct_cat&post=400"},{"taxonomy":"product_tag","embeddable":true,"href":"https:\/\/berauto-pest.hu\/index.php?rest_route=%2Fwp%2Fv2%2Fproduct_tag&post=400"}],"curies":[{"name":"wp","href":"https:\/\/api.w.org\/{rel}","templated":true}]}}