{"id":490,"date":"2025-12-18T14:35:26","date_gmt":"2025-12-18T14:35:26","guid":{"rendered":"https:\/\/berauto-pest.hu\/?post_type=product&#038;p=490"},"modified":"2025-12-18T14:35:27","modified_gmt":"2025-12-18T14:35:27","slug":"suzuki-ignis-automata-valtos-auto-havi-berles-eseten-kedvezmenyesebb-aron","status":"publish","type":"product","link":"https:\/\/berauto-pest.hu\/?product=suzuki-ignis-automata-valtos-auto-havi-berles-eseten-kedvezmenyesebb-aron","title":{"rendered":"Suzuki Ignis Automata v\u00e1lt\u00f3s aut\u00f3. Havi b\u00e9rl\u00e9s eset\u00e9n kedvezm\u00e9nyesebb \u00e1ron!"},"content":{"rendered":"<div class=\"row\">\n<div class=\"col\"><strong>Suzuki Ignis Automata b\u00e9rl\u00e9s a <a href=\"https:\/\/www.facebook.com\/carpatikft\/\" target=\"_blank\" rel=\"noopener\">Carpati Kft-t\u0151l<\/a><\/strong><\/div>\n<\/div>\n<div class=\"row\">\n<div id=\"copy_2602340\" class=\"col nl-to-br\">Budapesti c\u00e9g\u00fcnkt\u0151l, b\u00e9rl\u00e9sre k\u00edn\u00e1lunk egy k\u00e9nyelmes, automata v\u00e1lt\u00f3s m\u00e9lt\u00e1n k\u00f6zkedvelt t\u00edpust! Mindennapi v\u00e1rosi \u00e9let\u00fcnket a legkomfortosabban tudjuk megoldani ezzel a\u00a0 j\u00e1rm\u0171vel Amellett , hogy nem kell a kuplunggal foglalkozni a magass\u00e1ga miatt nagyon k\u00f6nny\u0171 a ki \u00e9s besz\u00e1ll\u00e1s! Term\u00e9szetesen kl\u00edm\u00e1val rendelkezik \u00e9s \u00e9vszaknak megfelel\u0151 j\u00f3 gumikkal van szerelve. M\u0171szakilag nagyon j\u00f3 \u00e1llapot\u00fa , mint mindegyik aut\u00f3nk . H\u00edvjon bizalommal.<\/div>\n<\/div>\n<div><\/div>\n<div>\n<p><strong>AZ \u00c1RAK AZ \u00c1F\u00c1T NEM TARTALMAZZ\u00c1K!<\/strong><\/p>\n<p>1-3. nap <strong>8<\/strong><strong>.000<\/strong><strong>\u00a0Ft<\/strong>\/nap<br \/>\n4-7. nap <strong>7<\/strong><strong>.500<\/strong><strong>\u00a0Ft<\/strong>\/nap<br \/>\n8. napt\u00f3l: <strong>7.000<\/strong><strong>\u00a0Ft<\/strong>\/nap<br \/>\nHavi b\u00e9rl\u00e9s:\u00a0<strong>E<\/strong><strong>gyedi \u00e1r !\u00a0<\/strong><\/p>\n<p><strong>24 \u00f3r\u00e1t\u00f3l kevesebb idej\u0171 b\u00e9rl\u00e9s\u00a0<\/strong>egys\u00e9gesen\u00a0<strong>9.900.-<\/strong>\u00a0Forint kisz\u00e1ll\u00edt\u00e1s n\u00e9lk\u00fcl !<\/p>\n<p>Kauci\u00f3: <strong>6<\/strong><strong>0.000 Ft<\/strong><\/p>\n<p>Keressen minket b\u00e1tran az al\u00e1bbi telefonsz\u00e1mon:<\/p>\n<h6><strong>+36 70 626 96 00<\/strong><\/h6>\n<\/div>\n","protected":false},"excerpt":{"rendered":"<p>Suzuki Ignis Automata b\u00e9rl\u00e9s a Carpati Kft-t\u0151l Budapesti c\u00e9g\u00fcnkt\u0151l, b\u00e9rl\u00e9sre k\u00edn\u00e1lunk egy k\u00e9nyelmes, automata v\u00e1lt\u00f3s m\u00e9lt\u00e1n k\u00f6zkedvelt t\u00edpust! Mindennapi v\u00e1rosi \u00e9let\u00fcnket a legkomfortosabban tudjuk megoldani ezzel a\u00a0 j\u00e1rm\u0171vel Amellett , hogy nem kell a kuplunggal foglalkozni a magass\u00e1ga miatt nagyon k\u00f6nny\u0171 a ki \u00e9s besz\u00e1ll\u00e1s! Term\u00e9szetesen kl\u00edm\u00e1val rendelkezik \u00e9s \u00e9vszaknak megfelel\u0151 j\u00f3 gumikkal van szerelve. &hellip;<\/p>\n<p class=\"read-more\"> <a class=\"\" href=\"https:\/\/berauto-pest.hu\/?product=suzuki-ignis-automata-valtos-auto-havi-berles-eseten-kedvezmenyesebb-aron\"> <span class=\"screen-reader-text\">Suzuki Ignis Automata v\u00e1lt\u00f3s aut\u00f3. Havi b\u00e9rl\u00e9s eset\u00e9n kedvezm\u00e9nyesebb \u00e1ron!<\/span> Read More &raquo;<\/a><\/p>\n","protected":false},"featured_media":491,"template":"","meta":{"site-sidebar-layout":"default","site-content-layout":"default","ast-main-header-display":"","ast-hfb-above-header-display":"","ast-hfb-below-header-display":"","ast-hfb-mobile-header-display":"","site-post-title":"","ast-breadcrumbs-content":"","ast-featured-img":"","footer-sml-layout":"","theme-transparent-header-meta":"","adv-header-id-meta":"","stick-header-meta":"","header-above-stick-meta":"","header-main-stick-meta":"","header-below-stick-meta":""},"product_cat":[20,24,66,30,22,74,31,72,69],"product_tag":[150,149,151,147,146,148],"class_list":{"0":"post-490","1":"product","2":"type-product","3":"status-publish","4":"has-post-thumbnail","6":"product_cat-autoberles","7":"product_cat-autoberles-autoberles","8":"product_cat-automata-auto-berles","9":"product_cat-automata-berles","10":"product_cat-budapest","11":"product_cat-hazhozszallitas","12":"product_cat-olcso-autoberles","13":"product_cat-olcso-autokolcsonzes","14":"product_cat-olcso-automata-valtos-kolcsonzes","15":"product_tag-automata-suzuki","16":"product_tag-ignis-automata","17":"product_tag-olcso-suzuki-automata-berles","18":"product_tag-suzuki-automata","19":"product_tag-suzuki-berles","20":"product_tag-suzuki-ignis-automata","22":"first","23":"instock","24":"shipping-taxable","25":"product-type-simple"},"_links":{"self":[{"href":"https:\/\/berauto-pest.hu\/index.php?rest_route=\/wp\/v2\/product\/490","targetHints":{"allow":["GET"]}}],"collection":[{"href":"https:\/\/berauto-pest.hu\/index.php?rest_route=\/wp\/v2\/product"}],"about":[{"href":"https:\/\/berauto-pest.hu\/index.php?rest_route=\/wp\/v2\/types\/product"}],"wp:featuredmedia":[{"embeddable":true,"href":"https:\/\/berauto-pest.hu\/index.php?rest_route=\/wp\/v2\/media\/491"}],"wp:attachment":[{"href":"https:\/\/berauto-pest.hu\/index.php?rest_route=%2Fwp%2Fv2%2Fmedia&parent=490"}],"wp:term":[{"taxonomy":"product_cat","embeddable":true,"href":"https:\/\/berauto-pest.hu\/index.php?rest_route=%2Fwp%2Fv2%2Fproduct_cat&post=490"},{"taxonomy":"product_tag","embeddable":true,"href":"https:\/\/berauto-pest.hu\/index.php?rest_route=%2Fwp%2Fv2%2Fproduct_tag&post=490"}],"curies":[{"name":"wp","href":"https:\/\/api.w.org\/{rel}","templated":true}]}}