{"id":99,"date":"2022-02-08T16:23:50","date_gmt":"2022-02-08T16:23:50","guid":{"rendered":"https:\/\/berauto-pest.hu\/?post_type=product&#038;p=99"},"modified":"2023-10-27T09:35:23","modified_gmt":"2023-10-27T09:35:23","slug":"mercedes-benz-a","status":"publish","type":"product","link":"https:\/\/berauto-pest.hu\/?product=mercedes-benz-a","title":{"rendered":"Mercedes-Benz A 6.000.- Ft\/nap (havi b\u00e9rl\u00e9s eset\u00e9n)"},"content":{"rendered":"","protected":false},"excerpt":{"rendered":"<h2>Mercedes Benz A-oszt\u00e1ly k\u00f6lcs\u00f6nz\u00e9s Budapesten 1.6 (Diesel)<\/h2>\n<div class=\"row\">\n<div class=\"col\"><strong>Mercedes Benz A-oszt\u00e1ly b\u00e9rl\u00e9s a <a href=\"https:\/\/www.facebook.com\/carpatikft\/\" target=\"_blank\" rel=\"noopener\">Carpati Kft-t\u0151l<\/a><\/strong><\/div>\n<\/div>\n<div class=\"row\">\n<div id=\"copy_2602340\" class=\"col nl-to-br\">Budapesti c\u00e9g\u00fcnkt\u0151l, b\u00e9rl\u00e9sre k\u00edn\u00e1lunk egy k\u00e9nyelmes, kisfogyaszt\u00e1s\u00fa Mercedest. \u00c1tmenet a kisaut\u00f3k \u00e9s a k\u00f6z\u00e9pkateg\u00f3ri\u00e1s aut\u00f3k k\u00f6z\u00f6tt, ez\u00e9rt ide\u00e1lis v\u00e1rosi haszn\u00e1latra \u00e9s hosszabb utakra is. Classic felszerelts\u00e9g\u0171 Mercedes vonz\u00f3 alacsony fogyaszt\u00e1sa \u00e9s kompakt m\u00e9rete miatt.<\/div>\n<\/div>\n<p><span style=\"color: #ff0000;\"><strong>6.000.- Ft\/nap havi b\u00e9rl\u00e9ssel<\/strong><\/span><\/p>\n<p><strong>AZ \u00c1RAK AZ \u00c1F\u00c1T NEM TARTALMAZZ\u00c1K!<\/strong><\/p>\n<p>1-3. nap <strong>7.0<\/strong><strong>00 Ft<\/strong>\/nap<br \/>\n4-7. nap <strong>6.500 Ft<\/strong>\/nap<br \/>\n8. napt\u00f3l: <strong>6.0<\/strong><strong>00 Ft<\/strong>\/nap<br \/>\nHavi b\u00e9rl\u00e9s: egyedi \u00e1r<\/p>\n<p><strong>24 \u00f3r\u00e1t\u00f3l kevesebb idej\u0171 b\u00e9rl\u00e9s <\/strong>egys\u00e9gesen <strong>9.900.-<\/strong>\u00a0Forint kisz\u00e1ll\u00edt\u00e1s n\u00e9lk\u00fcl !<\/p>\n<p>Kauci\u00f3: <strong>50.000 Ft<\/strong><\/p>\n<p>Keressen minket b\u00e1tran az al\u00e1bbi telefonsz\u00e1mon:<\/p>\n<h6><span style=\"color: #000080;\"><strong>+36 70 626 96 00\u00a0<\/strong><\/span><\/h6>\n<p>&nbsp;<\/p>\n<div class=\"col-xs-28 col-sm-14\">\n<div class=\"col-xs-28 col-sm-14\"><\/div>\n<div class=\"col-xs-28 col-sm-14\"><\/div>\n<\/div>\n","protected":false},"featured_media":112,"template":"","meta":{"site-sidebar-layout":"default","site-content-layout":"default","ast-main-header-display":"","ast-hfb-above-header-display":"","ast-hfb-below-header-display":"","ast-hfb-mobile-header-display":"","site-post-title":"","ast-breadcrumbs-content":"","ast-featured-img":"","footer-sml-layout":"","theme-transparent-header-meta":"","adv-header-id-meta":"","stick-header-meta":"","header-above-stick-meta":"","header-main-stick-meta":"","header-below-stick-meta":""},"product_cat":[15,26,24,25,22,23],"product_tag":[34,57,38,41,63,47,39,58,60,36,55,56,59,61,62,42],"class_list":{"0":"post-99","1":"product","2":"type-product","3":"status-publish","4":"has-post-thumbnail","6":"product_cat-egyeb","7":"product_cat-a-osztaly","8":"product_cat-autoberles-autoberles","9":"product_cat-autoberles-mercedes","10":"product_cat-budapest","11":"product_cat-kisauto-berles","12":"product_tag-autoberles","13":"product_tag-berauto","14":"product_tag-budapest-autoberles","15":"product_tag-carpati-kft","16":"product_tag-hazhozszallitas","17":"product_tag-kicsi-benzines-berles","18":"product_tag-kisauto-berles","19":"product_tag-kolcson-kocsi","20":"product_tag-konkord-auto-kft","21":"product_tag-olcso-autoberles","22":"product_tag-olcso-autokolcsonzes","23":"product_tag-olcso-berauto","24":"product_tag-olcso-kis-auto-berles","25":"product_tag-pest-megye-autoberles","26":"product_tag-pest-megye-autokolcsonzes","27":"product_tag-repteri-autoberles","29":"first","30":"instock","31":"shipping-taxable","32":"product-type-simple"},"_links":{"self":[{"href":"https:\/\/berauto-pest.hu\/index.php?rest_route=\/wp\/v2\/product\/99","targetHints":{"allow":["GET"]}}],"collection":[{"href":"https:\/\/berauto-pest.hu\/index.php?rest_route=\/wp\/v2\/product"}],"about":[{"href":"https:\/\/berauto-pest.hu\/index.php?rest_route=\/wp\/v2\/types\/product"}],"wp:featuredmedia":[{"embeddable":true,"href":"https:\/\/berauto-pest.hu\/index.php?rest_route=\/wp\/v2\/media\/112"}],"wp:attachment":[{"href":"https:\/\/berauto-pest.hu\/index.php?rest_route=%2Fwp%2Fv2%2Fmedia&parent=99"}],"wp:term":[{"taxonomy":"product_cat","embeddable":true,"href":"https:\/\/berauto-pest.hu\/index.php?rest_route=%2Fwp%2Fv2%2Fproduct_cat&post=99"},{"taxonomy":"product_tag","embeddable":true,"href":"https:\/\/berauto-pest.hu\/index.php?rest_route=%2Fwp%2Fv2%2Fproduct_tag&post=99"}],"curies":[{"name":"wp","href":"https:\/\/api.w.org\/{rel}","templated":true}]}}